{"id":9,"date":"2023-06-29T21:45:39","date_gmt":"2023-06-29T19:45:39","guid":{"rendered":"http:\/\/amica-verba.org\/?page_id=9"},"modified":"2024-08-12T09:44:02","modified_gmt":"2024-08-12T07:44:02","slug":"informacje","status":"publish","type":"page","link":"https:\/\/amica-verba.org\/?page_id=9","title":{"rendered":"O nas"},"content":{"rendered":"\n<p class=\"has-text-color has-link-color has-medium-font-size wp-elements-405b58d78e124c7dcc5d86b9e6f0e8b7\" style=\"color:#c58c47\"><em>Jeste\u015bmy artystami, naukowcami, lud\u017ami biznesu i pasjonatami \u017cycia. <\/em><\/p>\n\n\n\n<p><a href=\"http:\/\/amica-verba.org\/wp-content\/uploads\/2023\/07\/STATUT-1.pdf\" target=\"_blank\" rel=\"noreferrer noopener\">Statut Stowarzyszenia Amica Verba<\/a><\/p>\n\n\n\n<div class=\"wp-block-media-text\"><figure class=\"wp-block-media-text__media\"><img loading=\"lazy\" decoding=\"async\" width=\"724\" height=\"1024\" src=\"http:\/\/amica-verba.org\/wp-content\/uploads\/2024\/02\/Agata-724x1024-color.png\" alt=\"\" class=\"wp-image-416 size-full\" srcset=\"https:\/\/amica-verba.org\/wp-content\/uploads\/2024\/02\/Agata-724x1024-color.png 724w, https:\/\/amica-verba.org\/wp-content\/uploads\/2024\/02\/Agata-724x1024-color-212x300.png 212w\" sizes=\"auto, (max-width: 724px) 100vw, 724px\" \/><\/figure><div class=\"wp-block-media-text__content\">\n<p class=\"has-medium-font-size\"><strong>Agata Achermann<\/strong><\/p>\n\n\n\n<p><em>prezeska Stowarzyszenia<\/em><\/p>\n<\/div><\/div>\n\n\n\n<div class=\"wp-block-media-text\"><figure class=\"wp-block-media-text__media\"><img loading=\"lazy\" decoding=\"async\" width=\"724\" height=\"1024\" src=\"http:\/\/amica-verba.org\/wp-content\/uploads\/2024\/02\/Jola-scaled-color-724x1024.png\" alt=\"\" class=\"wp-image-421 size-full\" srcset=\"https:\/\/amica-verba.org\/wp-content\/uploads\/2024\/02\/Jola-scaled-color-724x1024.png 724w, https:\/\/amica-verba.org\/wp-content\/uploads\/2024\/02\/Jola-scaled-color-212x300.png 212w, https:\/\/amica-verba.org\/wp-content\/uploads\/2024\/02\/Jola-scaled-color-768x1086.png 768w, https:\/\/amica-verba.org\/wp-content\/uploads\/2024\/02\/Jola-scaled-color-1086x1536.png 1086w, https:\/\/amica-verba.org\/wp-content\/uploads\/2024\/02\/Jola-scaled-color-1448x2048.png 1448w, https:\/\/amica-verba.org\/wp-content\/uploads\/2024\/02\/Jola-scaled-color.png 1810w\" sizes=\"auto, (max-width: 724px) 100vw, 724px\" \/><\/figure><div class=\"wp-block-media-text__content\">\n<p class=\"has-medium-font-size\"><strong><strong>Jolanta Niewiadomska<\/strong><\/strong><\/p>\n\n\n\n<p><em>cz\u0142onkini zarz\u0105du Stowarzyszenia<\/em><\/p>\n<\/div><\/div>\n\n\n\n<div class=\"wp-block-media-text\"><figure class=\"wp-block-media-text__media\"><img loading=\"lazy\" decoding=\"async\" width=\"724\" height=\"1024\" src=\"http:\/\/amica-verba.org\/wp-content\/uploads\/2024\/02\/Lidka-color-724x1024.png\" alt=\"\" class=\"wp-image-431 size-full\" srcset=\"https:\/\/amica-verba.org\/wp-content\/uploads\/2024\/02\/Lidka-color-724x1024.png 724w, https:\/\/amica-verba.org\/wp-content\/uploads\/2024\/02\/Lidka-color-212x300.png 212w, https:\/\/amica-verba.org\/wp-content\/uploads\/2024\/02\/Lidka-color-768x1086.png 768w, https:\/\/amica-verba.org\/wp-content\/uploads\/2024\/02\/Lidka-color-1086x1536.png 1086w, https:\/\/amica-verba.org\/wp-content\/uploads\/2024\/02\/Lidka-color-1448x2048.png 1448w, https:\/\/amica-verba.org\/wp-content\/uploads\/2024\/02\/Lidka-color.png 1523w\" sizes=\"auto, (max-width: 724px) 100vw, 724px\" \/><\/figure><div class=\"wp-block-media-text__content\">\n<p class=\"has-medium-font-size\"><strong>Lidka Karabon<\/strong><\/p>\n\n\n\n<p><em>przewodnicz\u0105ca komisji weryfikacyjnej Stowarzyszenia<\/em><\/p>\n<\/div><\/div>\n\n\n\n<div class=\"wp-block-media-text is-vertically-aligned-center\"><figure class=\"wp-block-media-text__media\"><img loading=\"lazy\" decoding=\"async\" width=\"724\" height=\"1024\" src=\"http:\/\/amica-verba.org\/wp-content\/uploads\/2024\/02\/Magda-color-724x1024.png\" alt=\"\" class=\"wp-image-429 size-full\" srcset=\"https:\/\/amica-verba.org\/wp-content\/uploads\/2024\/02\/Magda-color-724x1024.png 724w, https:\/\/amica-verba.org\/wp-content\/uploads\/2024\/02\/Magda-color-212x300.png 212w, https:\/\/amica-verba.org\/wp-content\/uploads\/2024\/02\/Magda-color-768x1086.png 768w, https:\/\/amica-verba.org\/wp-content\/uploads\/2024\/02\/Magda-color-1086x1536.png 1086w, https:\/\/amica-verba.org\/wp-content\/uploads\/2024\/02\/Magda-color-1448x2048.png 1448w, https:\/\/amica-verba.org\/wp-content\/uploads\/2024\/02\/Magda-color.png 1810w\" sizes=\"auto, (max-width: 724px) 100vw, 724px\" \/><\/figure><div class=\"wp-block-media-text__content\">\n<p class=\"has-medium-font-size\"><strong>Magda Jaszczy\u0144ska<\/strong><\/p>\n\n\n\n<p><em>cz\u0142onkini komisji weryfikacyjnej Stowarzyszenia<\/em><\/p>\n<\/div><\/div>\n\n\n\n<div class=\"wp-block-media-text\"><figure class=\"wp-block-media-text__media\"><img loading=\"lazy\" decoding=\"async\" width=\"452\" height=\"640\" src=\"http:\/\/amica-verba.org\/wp-content\/uploads\/2024\/02\/Justyna-Przondo-color.png\" alt=\"\" class=\"wp-image-427 size-full\" srcset=\"https:\/\/amica-verba.org\/wp-content\/uploads\/2024\/02\/Justyna-Przondo-color.png 452w, https:\/\/amica-verba.org\/wp-content\/uploads\/2024\/02\/Justyna-Przondo-color-212x300.png 212w\" sizes=\"auto, (max-width: 452px) 100vw, 452px\" \/><\/figure><div class=\"wp-block-media-text__content\">\n<p class=\"has-medium-font-size\"><strong>Justyna Przondo<\/strong><\/p>\n\n\n\n<p><em>cz\u0142onkini Stowarzyszenia<\/em><\/p>\n<\/div><\/div>\n","protected":false},"excerpt":{"rendered":"<p>Jeste\u015bmy artystami, naukowcami, lud\u017ami biznesu i pasjonatami \u017cycia. Statut Stowarzyszenia Amica Verba Agata Achermann prezeska Stowarzyszenia Jolanta Niewiadomska cz\u0142onkini zarz\u0105du Stowarzyszenia Lidka Karabon przewodnicz\u0105ca komisji weryfikacyjnej Stowarzyszenia Magda Jaszczy\u0144ska cz\u0142onkini komisji weryfikacyjnej Stowarzyszenia Justyna Przondo cz\u0142onkini Stowarzyszenia<\/p>\n","protected":false},"author":1,"featured_media":0,"parent":0,"menu_order":2,"comment_status":"closed","ping_status":"closed","template":"","meta":{"footnotes":""},"class_list":["post-9","page","type-page","status-publish","hentry"],"_links":{"self":[{"href":"https:\/\/amica-verba.org\/index.php?rest_route=\/wp\/v2\/pages\/9","targetHints":{"allow":["GET"]}}],"collection":[{"href":"https:\/\/amica-verba.org\/index.php?rest_route=\/wp\/v2\/pages"}],"about":[{"href":"https:\/\/amica-verba.org\/index.php?rest_route=\/wp\/v2\/types\/page"}],"author":[{"embeddable":true,"href":"https:\/\/amica-verba.org\/index.php?rest_route=\/wp\/v2\/users\/1"}],"replies":[{"embeddable":true,"href":"https:\/\/amica-verba.org\/index.php?rest_route=%2Fwp%2Fv2%2Fcomments&post=9"}],"version-history":[{"count":37,"href":"https:\/\/amica-verba.org\/index.php?rest_route=\/wp\/v2\/pages\/9\/revisions"}],"predecessor-version":[{"id":441,"href":"https:\/\/amica-verba.org\/index.php?rest_route=\/wp\/v2\/pages\/9\/revisions\/441"}],"wp:attachment":[{"href":"https:\/\/amica-verba.org\/index.php?rest_route=%2Fwp%2Fv2%2Fmedia&parent=9"}],"curies":[{"name":"wp","href":"https:\/\/api.w.org\/{rel}","templated":true}]}}