{"id":8,"date":"2023-06-29T21:45:39","date_gmt":"2023-06-29T19:45:39","guid":{"rendered":"http:\/\/amica-verba.org\/?page_id=8"},"modified":"2024-02-28T11:33:43","modified_gmt":"2024-02-28T10:33:43","slug":"home","status":"publish","type":"page","link":"https:\/\/amica-verba.org\/","title":{"rendered":"Home"},"content":{"rendered":"\n<p>Celem naszego stowarzyszenia jest promowanie i popularyzowanie edukacji i rozwoju osobistego, a tak\u017ce popularyzowanie kultury, sztuki, nauki, sportu i innych tw\u00f3rczych i aktywnych form \u017cycia.<\/p>\n\n\n\n<p>Dzia\u0142amy na rzecz integracji europejskiej, rozwijania kontakt\u00f3w i wsp\u00f3\u0142pracy mi\u0119dzy spo\u0142ecze\u0144stwami w oparciu o wzajemne zrozumienie i wymian\u0119 do\u015bwiadcze\u0144, propagowanie integracji europejskiej.<\/p>\n","protected":false},"excerpt":{"rendered":"<p>Celem naszego stowarzyszenia jest promowanie i popularyzowanie edukacji i rozwoju osobistego, a tak\u017ce popularyzowanie kultury, sztuki, nauki, sportu i innych tw\u00f3rczych i aktywnych form \u017cycia. Dzia\u0142amy na rzecz integracji europejskiej, rozwijania kontakt\u00f3w i wsp\u00f3\u0142pracy mi\u0119dzy spo\u0142ecze\u0144stwami w oparciu o wzajemne zrozumienie i wymian\u0119 do\u015bwiadcze\u0144, propagowanie integracji europejskiej.<\/p>\n","protected":false},"author":1,"featured_media":0,"parent":0,"menu_order":1,"comment_status":"closed","ping_status":"closed","template":"","meta":{"footnotes":""},"class_list":["post-8","page","type-page","status-publish","hentry"],"_links":{"self":[{"href":"https:\/\/amica-verba.org\/index.php?rest_route=\/wp\/v2\/pages\/8","targetHints":{"allow":["GET"]}}],"collection":[{"href":"https:\/\/amica-verba.org\/index.php?rest_route=\/wp\/v2\/pages"}],"about":[{"href":"https:\/\/amica-verba.org\/index.php?rest_route=\/wp\/v2\/types\/page"}],"author":[{"embeddable":true,"href":"https:\/\/amica-verba.org\/index.php?rest_route=\/wp\/v2\/users\/1"}],"replies":[{"embeddable":true,"href":"https:\/\/amica-verba.org\/index.php?rest_route=%2Fwp%2Fv2%2Fcomments&post=8"}],"version-history":[{"count":3,"href":"https:\/\/amica-verba.org\/index.php?rest_route=\/wp\/v2\/pages\/8\/revisions"}],"predecessor-version":[{"id":332,"href":"https:\/\/amica-verba.org\/index.php?rest_route=\/wp\/v2\/pages\/8\/revisions\/332"}],"wp:attachment":[{"href":"https:\/\/amica-verba.org\/index.php?rest_route=%2Fwp%2Fv2%2Fmedia&parent=8"}],"curies":[{"name":"wp","href":"https:\/\/api.w.org\/{rel}","templated":true}]}}