{"id":11,"date":"2023-06-29T21:45:39","date_gmt":"2023-06-29T19:45:39","guid":{"rendered":"http:\/\/amica-verba.org\/?page_id=11"},"modified":"2024-02-28T11:32:06","modified_gmt":"2024-02-28T10:32:06","slug":"blog","status":"publish","type":"page","link":"https:\/\/amica-verba.org\/?page_id=11","title":{"rendered":"Projekty Archiv"},"content":{"rendered":"<ul class=\"wp-block-latest-posts__list alignleft wp-block-latest-posts\"><li><a class=\"wp-block-latest-posts__post-title\" href=\"https:\/\/amica-verba.org\/?p=1\">UWA\u017bNO\u015a\u0106 TERAZ<\/a><div class=\"wp-block-latest-posts__post-excerpt\">W formie spacer\u00f3w i warsztat\u00f3w w pracowni ceramicznej, spotka\u0144 opartych na formacie Open Space wybieramy si\u0119 w drog\u0119 do uwa\u017cno\u015bci&#8230;<\/div><\/li>\n<\/ul>","protected":false},"excerpt":{"rendered":"","protected":false},"author":1,"featured_media":403,"parent":0,"menu_order":0,"comment_status":"closed","ping_status":"closed","template":"","meta":{"footnotes":""},"class_list":["post-11","page","type-page","status-publish","has-post-thumbnail","hentry"],"_links":{"self":[{"href":"https:\/\/amica-verba.org\/index.php?rest_route=\/wp\/v2\/pages\/11","targetHints":{"allow":["GET"]}}],"collection":[{"href":"https:\/\/amica-verba.org\/index.php?rest_route=\/wp\/v2\/pages"}],"about":[{"href":"https:\/\/amica-verba.org\/index.php?rest_route=\/wp\/v2\/types\/page"}],"author":[{"embeddable":true,"href":"https:\/\/amica-verba.org\/index.php?rest_route=\/wp\/v2\/users\/1"}],"replies":[{"embeddable":true,"href":"https:\/\/amica-verba.org\/index.php?rest_route=%2Fwp%2Fv2%2Fcomments&post=11"}],"version-history":[{"count":16,"href":"https:\/\/amica-verba.org\/index.php?rest_route=\/wp\/v2\/pages\/11\/revisions"}],"predecessor-version":[{"id":295,"href":"https:\/\/amica-verba.org\/index.php?rest_route=\/wp\/v2\/pages\/11\/revisions\/295"}],"wp:featuredmedia":[{"embeddable":true,"href":"https:\/\/amica-verba.org\/index.php?rest_route=\/wp\/v2\/media\/403"}],"wp:attachment":[{"href":"https:\/\/amica-verba.org\/index.php?rest_route=%2Fwp%2Fv2%2Fmedia&parent=11"}],"curies":[{"name":"wp","href":"https:\/\/api.w.org\/{rel}","templated":true}]}}