{"id":10,"date":"2023-06-29T21:45:39","date_gmt":"2023-06-29T19:45:39","guid":{"rendered":"http:\/\/amica-verba.org\/?page_id=10"},"modified":"2024-02-28T11:50:37","modified_gmt":"2024-02-28T10:50:37","slug":"kontakt","status":"publish","type":"page","link":"https:\/\/amica-verba.org\/?page_id=10","title":{"rendered":"Kontakt"},"content":{"rendered":"\n<p class=\"has-text-color has-link-color has-medium-font-size wp-elements-5fb52bc8398fa54f0c212ae14bea171b\" style=\"color:#c58c47\"><em>Skontaktuj si\u0119 z nami:<\/em><\/p>\n\n\n\n<div class=\"wp-block-media-text is-stacked-on-mobile\" style=\"grid-template-columns:46% auto\"><figure class=\"wp-block-media-text__media\"><img loading=\"lazy\" decoding=\"async\" width=\"512\" height=\"512\" src=\"http:\/\/amica-verba.org\/wp-content\/uploads\/2024\/02\/cropped-logo.jpg\" alt=\"\" class=\"wp-image-381 size-full\" srcset=\"https:\/\/amica-verba.org\/wp-content\/uploads\/2024\/02\/cropped-logo.jpg 512w, https:\/\/amica-verba.org\/wp-content\/uploads\/2024\/02\/cropped-logo-300x300.jpg 300w, https:\/\/amica-verba.org\/wp-content\/uploads\/2024\/02\/cropped-logo-150x150.jpg 150w, https:\/\/amica-verba.org\/wp-content\/uploads\/2024\/02\/cropped-logo-100x100.jpg 100w, https:\/\/amica-verba.org\/wp-content\/uploads\/2024\/02\/cropped-logo-270x270.jpg 270w, https:\/\/amica-verba.org\/wp-content\/uploads\/2024\/02\/cropped-logo-192x192.jpg 192w, https:\/\/amica-verba.org\/wp-content\/uploads\/2024\/02\/cropped-logo-180x180.jpg 180w, https:\/\/amica-verba.org\/wp-content\/uploads\/2024\/02\/cropped-logo-32x32.jpg 32w\" sizes=\"auto, (max-width: 512px) 100vw, 512px\" \/><\/figure><div class=\"wp-block-media-text__content\">\n<p><br><strong>Adres<\/strong><br>ul. Rapackiego 35<br>53-021 Wroc\u0142aw<\/p>\n\n\n\n<p><\/p>\n\n\n\n<p><strong>Godziny<\/strong> <br>Poniedzia\u0142ek\u2014Pi\u0105tek: 9:00\u201317:00<br>Sobota &amp; Niedziela: 11:00\u201315:00<\/p>\n\n\n\n<p>info@amica-verba.org<\/p>\n<\/div><\/div>\n\n\n\n<p><\/p>\n\n\n\n<hr class=\"wp-block-separator has-alpha-channel-opacity is-style-wide\"\/>\n\n\n<style id=\"wpforms-css-vars-221-block-a8b06f64-c774-4c98-b5d2-1d18fcd38a04\">\n\t\t\t\t#wpforms-221.wpforms-block-a8b06f64-c774-4c98-b5d2-1d18fcd38a04 {\n\t\t\t\t--wpforms-button-background-color: #171753;\n\t\t\t}\n\t\t\t<\/style><div class=\"wpforms-container wpforms-container-full wpforms-block wpforms-block-a8b06f64-c774-4c98-b5d2-1d18fcd38a04 wpforms-render-modern\" id=\"wpforms-221\"><form id=\"wpforms-form-221\" class=\"wpforms-validate wpforms-form wpforms-ajax-form\" data-formid=\"221\" method=\"post\" enctype=\"multipart\/form-data\" action=\"\/index.php?rest_route=%2Fwp%2Fv2%2Fpages%2F10\" data-token=\"32405e63649ad59d6ce4445c71096d78\" data-token-time=\"1776494276\"><noscript class=\"wpforms-error-noscript\">Aby wype\u0142ni\u0107 ten formularz, w\u0142\u0105cz obs\u0142ug\u0119 JavaScript w przegl\u0105darce.<\/noscript><div id=\"wpforms-error-noscript\" style=\"display: none;\">Aby wype\u0142ni\u0107 ten formularz, w\u0142\u0105cz obs\u0142ug\u0119 JavaScript w przegl\u0105darce.<\/div><div class=\"wpforms-field-container\"><div id=\"wpforms-221-field_0-container\" class=\"wpforms-field wpforms-field-name\" data-field-id=\"0\"><fieldset><legend class=\"wpforms-field-label\">name <span class=\"wpforms-required-label\" aria-hidden=\"true\">*<\/span><\/legend><div class=\"wpforms-field-row wpforms-field-medium\"><div class=\"wpforms-field-row-block wpforms-first wpforms-one-half\"><input type=\"text\" id=\"wpforms-221-field_0\" class=\"wpforms-field-name-first wpforms-field-required\" name=\"wpforms[fields][0][first]\" aria-errormessage=\"wpforms-221-field_0-error\" required><label for=\"wpforms-221-field_0\" class=\"wpforms-field-sublabel after\">Pierwszy<\/label><\/div><div class=\"wpforms-field-row-block wpforms-one-half\"><input type=\"text\" id=\"wpforms-221-field_0-last\" class=\"wpforms-field-name-last wpforms-field-required\" name=\"wpforms[fields][0][last]\" aria-errormessage=\"wpforms-221-field_0-last-error\" required><label for=\"wpforms-221-field_0-last\" class=\"wpforms-field-sublabel after\">Ostatni<\/label><\/div><\/div><\/fieldset><\/div><div id=\"wpforms-221-field_1-container\" class=\"wpforms-field wpforms-field-email\" data-field-id=\"1\"><label class=\"wpforms-field-label\" for=\"wpforms-221-field_1\">e-mail <span class=\"wpforms-required-label\" aria-hidden=\"true\">*<\/span><\/label><input type=\"email\" id=\"wpforms-221-field_1\" class=\"wpforms-field-medium wpforms-field-required\" name=\"wpforms[fields][1]\" spellcheck=\"false\" aria-errormessage=\"wpforms-221-field_1-error\" required><\/div><div id=\"wpforms-221-field_2-container\" class=\"wpforms-field wpforms-field-textarea\" data-field-id=\"2\"><label class=\"wpforms-field-label\" for=\"wpforms-221-field_2\">wiadomosc<\/label><textarea id=\"wpforms-221-field_2\" class=\"wpforms-field-medium\" name=\"wpforms[fields][2]\" aria-errormessage=\"wpforms-221-field_2-error\" ><\/textarea><\/div><\/div><!-- .wpforms-field-container --><div class=\"wpforms-submit-container\" ><input type=\"hidden\" name=\"wpforms[id]\" value=\"221\"><input type=\"hidden\" name=\"page_title\" value=\"\"><input type=\"hidden\" name=\"page_url\" value=\"https:\/\/amica-verba.org\/index.php?rest_route=\/wp\/v2\/pages\/10\"><input type=\"hidden\" name=\"url_referer\" value=\"\"><button type=\"submit\" name=\"wpforms[submit]\" id=\"wpforms-submit-221\" class=\"wpforms-submit\" data-alt-text=\"Wird gesendet\u00a0\u2026\" data-submit-text=\"Absenden\" aria-live=\"assertive\" value=\"wpforms-submit\">Absenden<\/button><img loading=\"lazy\" decoding=\"async\" src=\"https:\/\/amica-verba.org\/wp-content\/plugins\/wpforms-lite\/assets\/images\/submit-spin.svg\" class=\"wpforms-submit-spinner\" style=\"display: none;\" width=\"26\" height=\"26\" alt=\"Wczytywanie\"><\/div><\/form><\/div>  <!-- .wpforms-container -->","protected":false},"excerpt":{"rendered":"<p>Skontaktuj si\u0119 z nami: Adresul. Rapackiego 3553-021 Wroc\u0142aw Godziny Poniedzia\u0142ek\u2014Pi\u0105tek: 9:00\u201317:00Sobota &amp; Niedziela: 11:00\u201315:00 info@amica-verba.org<\/p>\n","protected":false},"author":1,"featured_media":0,"parent":0,"menu_order":3,"comment_status":"closed","ping_status":"closed","template":"","meta":{"footnotes":""},"class_list":["post-10","page","type-page","status-publish","hentry"],"_links":{"self":[{"href":"https:\/\/amica-verba.org\/index.php?rest_route=\/wp\/v2\/pages\/10","targetHints":{"allow":["GET"]}}],"collection":[{"href":"https:\/\/amica-verba.org\/index.php?rest_route=\/wp\/v2\/pages"}],"about":[{"href":"https:\/\/amica-verba.org\/index.php?rest_route=\/wp\/v2\/types\/page"}],"author":[{"embeddable":true,"href":"https:\/\/amica-verba.org\/index.php?rest_route=\/wp\/v2\/users\/1"}],"replies":[{"embeddable":true,"href":"https:\/\/amica-verba.org\/index.php?rest_route=%2Fwp%2Fv2%2Fcomments&post=10"}],"version-history":[{"count":23,"href":"https:\/\/amica-verba.org\/index.php?rest_route=\/wp\/v2\/pages\/10\/revisions"}],"predecessor-version":[{"id":568,"href":"https:\/\/amica-verba.org\/index.php?rest_route=\/wp\/v2\/pages\/10\/revisions\/568"}],"wp:attachment":[{"href":"https:\/\/amica-verba.org\/index.php?rest_route=%2Fwp%2Fv2%2Fmedia&parent=10"}],"curies":[{"name":"wp","href":"https:\/\/api.w.org\/{rel}","templated":true}]}}